{"id":67,"date":"2025-10-24T14:58:36","date_gmt":"2025-10-24T14:58:36","guid":{"rendered":"https:\/\/lisieuxcampingcar.com\/?page_id=67"},"modified":"2026-02-11T11:03:32","modified_gmt":"2026-02-11T11:03:32","slug":"accueil","status":"publish","type":"page","link":"https:\/\/lisieuxcampingcar.com\/","title":{"rendered":"Accueil"},"content":{"rendered":"\t\t<div data-elementor-type=\"wp-page\" data-elementor-id=\"67\" class=\"elementor elementor-67\">\n\t\t\t\t<div class=\"elementor-element elementor-element-cda0859 e-flex e-con-boxed e-con e-parent\" data-id=\"cda0859\" data-element_type=\"container\">\n\t\t\t\t\t<div class=\"e-con-inner\">\n\t\t\t\t<div class=\"elementor-element elementor-element-44558a2 elementor-widget elementor-widget-heading\" data-id=\"44558a2\" data-element_type=\"widget\" data-widget_type=\"heading.default\">\n\t\t\t\t\t<h2 class=\"elementor-heading-title elementor-size-default\">PARC DES EXPOSITIONS DE LISIEUX<\/h2>\t\t\t\t<\/div>\n\t\t\t\t<div class=\"elementor-element elementor-element-f835132 elementor-widget elementor-widget-text-editor\" data-id=\"f835132\" data-element_type=\"widget\" data-widget_type=\"text-editor.default\">\n\t\t\t\t\t\t\t\t\t<h2 class=\"elementor-heading-title elementor-size-default elementor-inline-editing pen\" style=\"text-align: center;\" contenteditable=\"true\" data-elementor-setting-key=\"title\" data-pen-placeholder=\"\u00c9crivez ici...\"><span style=\"color: #e40520;\">1055 RUE EDOUARD BRANLY, 14100 LISIEUX\u200b<\/span><\/h2>\t\t\t\t\t\t\t\t<\/div>\n\t\t\t\t\t<\/div>\n\t\t\t\t<\/div>\n\t\t<div class=\"elementor-element elementor-element-9d1f14a e-flex e-con-boxed e-con e-parent\" data-id=\"9d1f14a\" data-element_type=\"container\">\n\t\t\t\t\t<div class=\"e-con-inner\">\n\t\t<div class=\"elementor-element elementor-element-25ed07e e-con-full e-flex e-con e-child\" data-id=\"25ed07e\" data-element_type=\"container\">\n\t\t\t\t<div class=\"elementor-element elementor-element-ef67e83 elementor-widget elementor-widget-image\" data-id=\"ef67e83\" data-element_type=\"widget\" data-widget_type=\"image.default\">\n\t\t\t\t\t\t\t\t\t\t\t\t\t\t\t<img decoding=\"async\" src=\"https:\/\/lisieuxcampingcar.com\/wp-content\/uploads\/elementor\/thumbs\/date-riztceetmormypt56ns9vsfplf82ubc7b7hl1b0v2c.webp\" title=\"date\" alt=\"date expo lisieux mars 2026\" loading=\"lazy\" \/>\t\t\t\t\t\t\t\t\t\t\t\t\t\t\t<\/div>\n\t\t\t\t<\/div>\n\t\t<div class=\"elementor-element elementor-element-ffc5288 e-con-full e-flex e-con e-child\" data-id=\"ffc5288\" data-element_type=\"container\">\n\t\t\t\t<div class=\"elementor-element elementor-element-7a344c9 elementor-widget elementor-widget-image\" data-id=\"7a344c9\" data-element_type=\"widget\" data-widget_type=\"image.default\">\n\t\t\t\t\t\t\t\t\t\t\t\t\t\t\t<img decoding=\"async\" src=\"https:\/\/lisieuxcampingcar.com\/wp-content\/uploads\/elementor\/thumbs\/ccar-rdvk7q1pz9aybrcwz5aq7oz90e3md8al79s1rn4wck.webp\" title=\"ccar\" alt=\"ccar\" loading=\"lazy\" \/>\t\t\t\t\t\t\t\t\t\t\t\t\t\t\t<\/div>\n\t\t\t\t<\/div>\n\t\t\t\t\t<\/div>\n\t\t\t\t<\/div>\n\t\t<div class=\"elementor-element elementor-element-3cde920 e-flex e-con-boxed e-con e-parent\" data-id=\"3cde920\" data-element_type=\"container\">\n\t\t\t\t\t<div class=\"e-con-inner\">\n\t\t<div class=\"elementor-element elementor-element-7fd8664 e-con-full e-flex e-con e-child\" data-id=\"7fd8664\" data-element_type=\"container\">\n\t\t\t\t<div class=\"elementor-element elementor-element-a58414b elementor-align-center elementor-widget__width-inherit elementor-widget elementor-widget-button\" data-id=\"a58414b\" data-element_type=\"widget\" data-widget_type=\"button.default\">\n\t\t\t\t\t\t\t\t\t\t<a class=\"elementor-button elementor-button-link elementor-size-sm\" href=\"https:\/\/lisieuxcampingcar.com\/?page_id=120\" id=\"invitation\">\n\t\t\t\t\t\t<span class=\"elementor-button-content-wrapper\">\n\t\t\t\t\t\t<span class=\"elementor-button-icon\">\n\t\t\t\t<svg aria-hidden=\"true\" class=\"e-font-icon-svg e-fas-ticket-alt\" viewBox=\"0 0 576 512\" xmlns=\"http:\/\/www.w3.org\/2000\/svg\"><path d=\"M128 160h320v192H128V160zm400 96c0 26.51 21.49 48 48 48v96c0 26.51-21.49 48-48 48H48c-26.51 0-48-21.49-48-48v-96c26.51 0 48-21.49 48-48s-21.49-48-48-48v-96c0-26.51 21.49-48 48-48h480c26.51 0 48 21.49 48 48v96c-26.51 0-48 21.49-48 48zm-48-104c0-13.255-10.745-24-24-24H120c-13.255 0-24 10.745-24 24v208c0 13.255 10.745 24 24 24h336c13.255 0 24-10.745 24-24V152z\"><\/path><\/svg>\t\t\t<\/span>\n\t\t\t\t\t\t\t\t\t<span class=\"elementor-button-text\">T\u00e9l\u00e9chargez votre invitation<\/span>\n\t\t\t\t\t<\/span>\n\t\t\t\t\t<\/a>\n\t\t\t\t\t\t\t\t<\/div>\n\t\t\t\t<\/div>\n\t\t<div class=\"elementor-element elementor-element-597cca3 e-con-full e-flex e-con e-child\" data-id=\"597cca3\" data-element_type=\"container\">\n\t\t\t\t<div class=\"elementor-element elementor-element-175ebef elementor-align-center elementor-widget__width-inherit elementor-widget elementor-widget-button\" data-id=\"175ebef\" data-element_type=\"widget\" data-widget_type=\"button.default\">\n\t\t\t\t\t\t\t\t\t\t<a class=\"elementor-button elementor-button-link elementor-size-sm\" href=\"https:\/\/maps.app.goo.gl\/6w5eyuh4MW5ZGVA17\" target=\"_blank\" id=\"invitation\">\n\t\t\t\t\t\t<span class=\"elementor-button-content-wrapper\">\n\t\t\t\t\t\t<span class=\"elementor-button-icon\">\n\t\t\t\t<svg aria-hidden=\"true\" class=\"e-font-icon-svg e-fas-map-marker-alt\" viewBox=\"0 0 384 512\" xmlns=\"http:\/\/www.w3.org\/2000\/svg\"><path d=\"M172.268 501.67C26.97 291.031 0 269.413 0 192 0 85.961 85.961 0 192 0s192 85.961 192 192c0 77.413-26.97 99.031-172.268 309.67-9.535 13.774-29.93 13.773-39.464 0zM192 272c44.183 0 80-35.817 80-80s-35.817-80-80-80-80 35.817-80 80 35.817 80 80 80z\"><\/path><\/svg>\t\t\t<\/span>\n\t\t\t\t\t\t\t\t\t<span class=\"elementor-button-text\">Itin\u00e9raire<\/span>\n\t\t\t\t\t<\/span>\n\t\t\t\t\t<\/a>\n\t\t\t\t\t\t\t\t<\/div>\n\t\t\t\t<\/div>\n\t\t\t\t\t<\/div>\n\t\t\t\t<\/div>\n\t\t\t\t<\/div>\n\t\t","protected":false},"excerpt":{"rendered":"<p>PARC DES EXPOSITIONS DE LISIEUX 1055 RUE EDOUARD BRANLY, 14100 LISIEUX\u200b T\u00e9l\u00e9chargez votre invitation Itin\u00e9raire<\/p>\n","protected":false},"author":1,"featured_media":0,"parent":0,"menu_order":0,"comment_status":"closed","ping_status":"closed","template":"elementor_header_footer","meta":{"postBodyCss":"","postBodyMargin":[],"postBodyPadding":[],"postBodyBackground":{"backgroundType":"classic","gradient":""},"footnotes":""},"class_list":["post-67","page","type-page","status-publish","hentry"],"_links":{"self":[{"href":"https:\/\/lisieuxcampingcar.com\/index.php?rest_route=\/wp\/v2\/pages\/67","targetHints":{"allow":["GET"]}}],"collection":[{"href":"https:\/\/lisieuxcampingcar.com\/index.php?rest_route=\/wp\/v2\/pages"}],"about":[{"href":"https:\/\/lisieuxcampingcar.com\/index.php?rest_route=\/wp\/v2\/types\/page"}],"author":[{"embeddable":true,"href":"https:\/\/lisieuxcampingcar.com\/index.php?rest_route=\/wp\/v2\/users\/1"}],"replies":[{"embeddable":true,"href":"https:\/\/lisieuxcampingcar.com\/index.php?rest_route=%2Fwp%2Fv2%2Fcomments&post=67"}],"version-history":[{"count":25,"href":"https:\/\/lisieuxcampingcar.com\/index.php?rest_route=\/wp\/v2\/pages\/67\/revisions"}],"predecessor-version":[{"id":220,"href":"https:\/\/lisieuxcampingcar.com\/index.php?rest_route=\/wp\/v2\/pages\/67\/revisions\/220"}],"wp:attachment":[{"href":"https:\/\/lisieuxcampingcar.com\/index.php?rest_route=%2Fwp%2Fv2%2Fmedia&parent=67"}],"curies":[{"name":"wp","href":"https:\/\/api.w.org\/{rel}","templated":true}]}}